{"id":877,"date":"2017-12-31T10:28:32","date_gmt":"2017-12-31T10:28:32","guid":{"rendered":"http:\/\/www.mali-mrav.hr\/?page_id=877"},"modified":"2026-01-05T16:01:48","modified_gmt":"2026-01-05T16:01:48","slug":"podsjetnik-skola-skijanja","status":"publish","type":"page","link":"http:\/\/www.mali-mrav.hr\/?page_id=877","title":{"rendered":"podsjetnik &#8211; \u0161kola skijanja"},"content":{"rendered":"<blockquote>\n<p><em><strong>OKUPLJANJE POVODOM ODLASKA NA SKIJANJE:\u00a0 UT. (6.1.2026) U 7:40-8:00 KOD SVEU\u010cILI\u0160NOG KAMPUSA NA (uzbrdica kada se ide sa Trsata)\u00a0 TRSATU (polazak u 8:00h)<\/strong><\/em><\/p>\n<\/blockquote>\n<p><!--more--><\/p>\n<p>Molim Vas da do\u0111ete do 8:00 na dogovoreno mjesto<\/p>\n<p>Ukoliko netko dolazi direktno na Platak , molim Vas budite u Velikom domu do 9:00 <strong><span style=\"color: #ff0000;\">i javite mi SMS-om<\/span><\/strong><\/p>\n<p>Ukoliko otkazujete \u0161kolu skijanja molim vas<strong><span style=\"color: #ff0000;\"> javite mi SMS-om <\/span><\/strong>\u010dim prije da neko drugo dijete mo\u017ee do\u0107i na va\u0161e mjesto<\/p>\n<p>Planirano vrijeme povratka je 17:00 na istom mjesto (ukoliko kasnimo zbog vremenskih uvjeta poslati \u0107u poruku na vrijeme)<\/p>\n<p><strong>Kotizacija je 85eura\/ dan (6 dana = ukupno 510eura) prilikom okupljanja potrebno je donijeti minimalno 50% novaca a do petka ostatak.<\/strong><\/p>\n<p>Bra\u0107a i sestre imaju 10 % popusta!<\/p>\n<p>Molim vas donesiti to\u010dan iznos jer nam je vrlo nezgodno baratati novcem na cesti.<\/p>\n<p><strong>U slu\u010daju va\u0161eg\u00a0 odustajanja iz bilo kojeg razloga vra\u0107amo novac po principu 70eura\/dan.<\/strong><\/p>\n<p>Molim Vas da pripremite djetetu neke grickalice (ukoliko smatrate potrebnim) za autobus da gricka prilikom povratka u Rijeku<\/p>\n<p>Ja osiguravam opremu (skije, kaciga, \u0161tapovi, pancerice) ukoliko nemate svoju.<\/p>\n<p>Ako dijete ne doru\u010dkuje pripremite mu sendvi\u010d da pojede u Velikom domu uz \u010daj.<\/p>\n<p>U slu\u010daju lo\u0161ih vremenskih uvjeta (ki\u0161a) &#8211; otkazujem skijanje putem VIBER grupe<\/p>\n<p>VREMENIK RADA NA PLATKU:<\/p>\n<p>7:50- OKUPLJANJE\u00a0 NA KAMPUSU<\/p>\n<p>8:45-9:15 OKUPLJANJE NA PLATKU, DORU\u010cAK (AKO TREBA) , \u010cAJ<\/p>\n<p>9:15-10:00 PRIPREMA ZA SKIJANJE (OBLA\u010cENJE ZA SKIJANJE)<\/p>\n<p>10:00-12:30 \u0160KOLA SKIJANJA PO GRUPAMA<\/p>\n<p>12:30-13:30 RU\u010cAK, ODMOR, OKRIJEPA&#8230;<\/p>\n<p>13:30-15:30 \u0160KOLA SKIJANJA PO GRUPAMA<\/p>\n<p>15:30-16:00 POSPREMANJE SKIJA\u0160KE OPREME I ODLAZAK PREMA AUTOBUSU<\/p>\n<p>16:45- DOLAZAK U RIJEKU NA KAMPUS<\/p>\n\n\n<p>Grupe i vremenik rada je promjenjiv ovisno o situaciji i uvjetima u kojim se nalazimo.<\/p>\n","protected":false},"excerpt":{"rendered":"<p>OKUPLJANJE POVODOM ODLASKA NA SKIJANJE:\u00a0 UT. (6.1.2026) U 7:40-8:00 KOD SVEU\u010cILI\u0160NOG KAMPUSA NA (uzbrdica kada se ide sa Trsata)\u00a0 TRSATU (polazak u 8:00h)<\/p>\n","protected":false},"author":1,"featured_media":0,"parent":636,"menu_order":0,"comment_status":"closed","ping_status":"closed","template":"","meta":[],"_links":{"self":[{"href":"http:\/\/www.mali-mrav.hr\/index.php?rest_route=\/wp\/v2\/pages\/877"}],"collection":[{"href":"http:\/\/www.mali-mrav.hr\/index.php?rest_route=\/wp\/v2\/pages"}],"about":[{"href":"http:\/\/www.mali-mrav.hr\/index.php?rest_route=\/wp\/v2\/types\/page"}],"author":[{"embeddable":true,"href":"http:\/\/www.mali-mrav.hr\/index.php?rest_route=\/wp\/v2\/users\/1"}],"replies":[{"embeddable":true,"href":"http:\/\/www.mali-mrav.hr\/index.php?rest_route=%2Fwp%2Fv2%2Fcomments&post=877"}],"version-history":[{"count":58,"href":"http:\/\/www.mali-mrav.hr\/index.php?rest_route=\/wp\/v2\/pages\/877\/revisions"}],"predecessor-version":[{"id":2606,"href":"http:\/\/www.mali-mrav.hr\/index.php?rest_route=\/wp\/v2\/pages\/877\/revisions\/2606"}],"up":[{"embeddable":true,"href":"http:\/\/www.mali-mrav.hr\/index.php?rest_route=\/wp\/v2\/pages\/636"}],"wp:attachment":[{"href":"http:\/\/www.mali-mrav.hr\/index.php?rest_route=%2Fwp%2Fv2%2Fmedia&parent=877"}],"curies":[{"name":"wp","href":"https:\/\/api.w.org\/{rel}","templated":true}]}}