{"id":615,"date":"2017-09-11T11:41:31","date_gmt":"2017-09-11T11:41:31","guid":{"rendered":"http:\/\/www.mali-mrav.hr\/?page_id=615"},"modified":"2025-12-17T11:13:42","modified_gmt":"2025-12-17T11:13:42","slug":"skijanje-krvavec","status":"publish","type":"page","link":"https:\/\/www.mali-mrav.hr\/?page_id=615","title":{"rendered":"KRVAVEC 26.-29.12.2025."},"content":{"rendered":"<p>\u010cetiri dana skijanje na Krvavcu u Sloveniji \u00a0 \u00a0 \u00a0 \u00a0 (26.-29.12.2025.)<\/p>\n<p>Skijali\u0161te ima 30km ure\u0111enih staza, na nadmorskoj visini od 1450m do 1971m, koje nude savr\u0161ene uvjete za skijanje na prirodnom i umjetnom snijegu. Skijali\u0161te svake sezone jam\u010di 100 skija\u0161kih dana. Skija\u0161ke staze su razli\u010dite zahtjevnosti te su idealne za rekreativce i iskusne.<\/p>\n<p><em> <strong>Cijena kompletnog aran\u017emana je 590 eura<\/strong><\/em><\/p>\n<p><em>Prijave do 10.12.2025 <strong>(akontacija prilikom prijav<span style=\"color: #000000;\"><span style=\"color: #0000ff;\">e <a style=\"color: #0000ff;\" href=\"http:\/\/www.mali-mrav.hr\/wp-content\/uploads\/2017\/09\/images.jpg\"><img decoding=\"async\" loading=\"lazy\" class=\"alignright wp-image-623\" src=\"http:\/\/www.mali-mrav.hr\/wp-content\/uploads\/2017\/09\/images.jpg\" alt=\"\" width=\"360\" height=\"217\" \/>25<\/a>0<\/span> <span style=\"color: #0000ff;\">e<\/span><\/span>ura &#8211; od toga 100eura nepovratni dio novaca ((tro\u0161ak osiguranja , prijevoza i rezervacija smje\u0161taja)) koji se\u00a0 vra\u0107a u slu\u010daju odustajanja<\/strong> <strong>)<\/strong> ,<\/em><\/p>\n<p><em> ostatak novaca od 340 eura na ra\u010dun do 15.12.2024.<\/em><\/p>\n<p><strong>HR2523900011101055636<\/strong><\/p>\n<p><strong>Cijena kompletnog aran\u017emana uklju\u010duje:<\/strong><\/p>\n<p><strong><span style=\"color: #ff0000;\">-cjelodnevni nadzor djece od strane voditelja\u00a0<\/span><\/strong><\/p>\n<p>&#8211; putno osiguranje<\/p>\n<p>&#8211; smje\u0161taj u(sobe od 2 ili app od\u00a0 4 osoba), TWC, TV, besplatan WI-FI<\/p>\n<p>&#8211;\u00a0 <span style=\"color: #ff0000;\"><strong>puni pansion sa \u0161vedskim stolom<\/strong><\/span> (doru\u010dak, ru\u010dak i ve\u010dera)<br \/>\n&#8211; 4 x ski karta ( \u010det., pet.,\u00a0 sub. i ned. )- besplatno kori\u0161tenje bazena (UZ PRATNJU, NADZOR I ANIMACIJU VODITELJA NA BAZENU)<br \/>\n&#8211; besplatnu ostavu skija i \u0161tapova u ostavi na skijali\u0161tu<br \/>\n&#8211; prijevoz od Rijeke do Krvavca (i tamo lokalna vo\u017enja)<\/p>\n<p>&#8211; smje\u0161taj u <em>Termama Snovik<\/em> (<strong>apartmansko\u00a0 naselje s 4 zvjezdice<\/strong>), unutra\u0161nji bazeni, restoran.<\/p>\n<p>&#8211; skijanje u grupi s na\u0161im voditeljima (obavezno za sve osnovno\u0161kolce &#8211; U CIJENI ARAN\u017dMANA)<\/p>\n<p><strong>\u0160KOLA SKIJANJA\u00a0 PLA\u0106A SE POSEBNO (30e\/dan)<\/strong><\/p>\n<p><a href=\"http:\/\/www.mali-mrav.hr\/wp-content\/uploads\/2017\/09\/IMG_20170111_125711.jpg\"><img decoding=\"async\" loading=\"lazy\" class=\"alignnone size-medium wp-image-625\" src=\"http:\/\/www.mali-mrav.hr\/wp-content\/uploads\/2017\/09\/IMG_20170111_125711-300x225.jpg\" alt=\"\" width=\"300\" height=\"225\" srcset=\"https:\/\/www.mali-mrav.hr\/wp-content\/uploads\/2017\/09\/IMG_20170111_125711-300x225.jpg 300w, https:\/\/www.mali-mrav.hr\/wp-content\/uploads\/2017\/09\/IMG_20170111_125711-768x576.jpg 768w, https:\/\/www.mali-mrav.hr\/wp-content\/uploads\/2017\/09\/IMG_20170111_125711-1024x768.jpg 1024w, https:\/\/www.mali-mrav.hr\/wp-content\/uploads\/2017\/09\/IMG_20170111_125711-400x300.jpg 400w\" sizes=\"(max-width: 300px) 100vw, 300px\" \/><\/a><\/p>\n<p><strong>MOGU\u0106NOST\u00a0 NAJMA SKIJA,\u00a0 PANCERICA,\u00a0 KACIGA\u00a0 I\u00a0 \u0160TAPOVA (15e\/dan)\u00a0<\/strong><\/p>\n<p><a href=\"http:\/\/www.mali-mrav.hr\/wp-content\/uploads\/2017\/09\/IMG_20160103_155319.jpg\"><img decoding=\"async\" loading=\"lazy\" class=\"alignnone wp-image-626\" src=\"http:\/\/www.mali-mrav.hr\/wp-content\/uploads\/2017\/09\/IMG_20160103_155319-300x225.jpg\" alt=\"\" width=\"262\" height=\"199\" \/><\/a><\/p>\n<p>PREPORU\u010cA SE KORI\u0160TENJE SKIJA\u0160KIH \u00a0KACIGA (MLA\u0110I OD 14.g. OBAVEZNO!)<\/p>\n<p><strong>\u00a0<\/strong><\/p>\n<p>Za prijavu molim vas ispunite anketni upitnik (KLIKOM NA PRIJAVU DOBIJATE UPTNIK)<\/p>\n<p><strong><span style=\"color: #ff0000;\">GRUPE POPUNJENE!!!<\/span><\/strong><\/p>\n<p><a href=\"https:\/\/forms.gle\/VhpkPe9wVK6rGpKL9\">&#8212; PRIJAVA ZA SKIJANJE&#8212;<\/a><\/p>\n<p><strong><span style=\"color: #ff0000;\">GRUPE SU POPUNJENE, SADA ULAZITE NA LISTU \u010cEKANJA UKOLIKO NETKO ODUSTANE OD SKIJANJA!!!<\/span><\/strong><\/p>\n<p>Za vi\u0161e informacija o skijanju\u00a0 nazvati dolje navedene mobitele !!<\/p>\n<p>091\/500-7822\u00a0 Damir Rabar<\/p>\n<p>098\/306-615\u00a0 Predrag Mati\u0107<\/p>\n<p>091\/238-7861 Marta Kauzlari\u0107 &#8211; Vitezi\u0107<\/p>\n<p><strong><em>O vremenu i mjestu polaska biti \u0107e te naknadno obavije\u0161teni\u00a0<\/em><\/strong><\/p>\n<p style=\"text-align: center;\"><strong><span style=\"color: #ff0000;\">U SLU\u010cAJU ODUSTAJANJA ILI OTKAZIVANJA SKIJANJA NOVAC VRA\u0106AMO\u00a0 U IZNOSU OD 490 EURA !!!!!<\/span><\/strong><\/p>\n<p>Organizacija skijanja u suradnji s turisti\u010dkom agencijom &#8211; <strong>ABC travel<\/strong><\/p>\n<p><a href=\"http:\/\/www.rtc-krvavec.si\/hr\/planirate-posjet\/web-kamere?requireHttp=true\">http:\/\/www.rtc-krvavec.si\/hr\/planirate-posjet\/web-kamere?requireHttp=true<\/a><\/p>\n<p><a href=\"http:\/\/terme-snovik.si\/\">http:\/\/terme-snovik.si\/<\/a><\/p>\n","protected":false},"excerpt":{"rendered":"<p>\u010cetiri dana skijanje na Krvavcu u Sloveniji \u00a0 \u00a0 \u00a0 \u00a0 (26.-29.12.2025.) Skijali\u0161te ima 30km ure\u0111enih staza, na nadmorskoj visini od 1450m do 1971m, koje nude savr\u0161ene uvjete za skijanje na prirodnom i umjetnom snijegu. Skijali\u0161te svake sezone jam\u010di 100 skija\u0161kih dana. Skija\u0161ke staze su razli\u010dite zahtjevnosti te su idealne za rekreativce i iskusne. Cijena &hellip; <a href=\"https:\/\/www.mali-mrav.hr\/?page_id=615\" class=\"more-link\">Continue reading <span class=\"screen-reader-text\">KRVAVEC 26.-29.12.2025.<\/span> <span class=\"meta-nav\">&rarr;<\/span><\/a><\/p>\n","protected":false},"author":1,"featured_media":737,"parent":1521,"menu_order":0,"comment_status":"closed","ping_status":"closed","template":"","meta":[],"_links":{"self":[{"href":"https:\/\/www.mali-mrav.hr\/index.php?rest_route=\/wp\/v2\/pages\/615"}],"collection":[{"href":"https:\/\/www.mali-mrav.hr\/index.php?rest_route=\/wp\/v2\/pages"}],"about":[{"href":"https:\/\/www.mali-mrav.hr\/index.php?rest_route=\/wp\/v2\/types\/page"}],"author":[{"embeddable":true,"href":"https:\/\/www.mali-mrav.hr\/index.php?rest_route=\/wp\/v2\/users\/1"}],"replies":[{"embeddable":true,"href":"https:\/\/www.mali-mrav.hr\/index.php?rest_route=%2Fwp%2Fv2%2Fcomments&post=615"}],"version-history":[{"count":115,"href":"https:\/\/www.mali-mrav.hr\/index.php?rest_route=\/wp\/v2\/pages\/615\/revisions"}],"predecessor-version":[{"id":2584,"href":"https:\/\/www.mali-mrav.hr\/index.php?rest_route=\/wp\/v2\/pages\/615\/revisions\/2584"}],"up":[{"embeddable":true,"href":"https:\/\/www.mali-mrav.hr\/index.php?rest_route=\/wp\/v2\/pages\/1521"}],"wp:featuredmedia":[{"embeddable":true,"href":"https:\/\/www.mali-mrav.hr\/index.php?rest_route=\/wp\/v2\/media\/737"}],"wp:attachment":[{"href":"https:\/\/www.mali-mrav.hr\/index.php?rest_route=%2Fwp%2Fv2%2Fmedia&parent=615"}],"curies":[{"name":"wp","href":"https:\/\/api.w.org\/{rel}","templated":true}]}}